{"id":916,"date":"2017-10-11T19:01:09","date_gmt":"2017-10-11T17:01:09","guid":{"rendered":"http:\/\/espacios.adeituv.es\/?page_id=916"},"modified":"2019-11-26T13:00:08","modified_gmt":"2019-11-26T11:00:08","slug":"home","status":"publish","type":"page","link":"https:\/\/espacios.adeituv.es\/en\/home\/","title":{"rendered":"Home"},"content":{"rendered":"[vc_row type=&#8221;full_width_background&#8221; full_screen_row_position=&#8221;middle&#8221; scene_position=&#8221;center&#8221; text_color=&#8221;dark&#8221; text_align=&#8221;left&#8221; overlay_strength=&#8221;0.3&#8243; shape_divider_position=&#8221;bottom&#8221; bg_image_animation=&#8221;none&#8221;][vc_column column_padding=&#8221;no-extra-padding&#8221; column_padding_position=&#8221;all&#8221; background_color_opacity=&#8221;1&#8243; background_hover_color_opacity=&#8221;1&#8243; column_link_target=&#8221;_self&#8221; column_shadow=&#8221;none&#8221; column_border_radius=&#8221;none&#8221; width=&#8221;1\/1&#8243; tablet_width_inherit=&#8221;default&#8221; tablet_text_alignment=&#8221;default&#8221; phone_text_alignment=&#8221;default&#8221; column_border_width=&#8221;none&#8221; column_border_style=&#8221;solid&#8221; bg_image_animation=&#8221;none&#8221;][rev_slider alias=&#8221;adeit-eng&#8221;][\/vc_column][\/vc_row][vc_row type=&#8221;full_width_background&#8221; full_screen_row_position=&#8221;middle&#8221; bg_color=&#8221;#2e2d30&#8243; scene_position=&#8221;center&#8221; text_color=&#8221;dark&#8221; text_align=&#8221;left&#8221; top_padding=&#8221;30&#8243; bottom_padding=&#8221;30&#8243; overlay_strength=&#8221;0.3&#8243; shape_divider_position=&#8221;bottom&#8221; bg_image_animation=&#8221;none&#8221;][vc_column column_padding=&#8221;no-extra-padding&#8221; column_padding_position=&#8221;all&#8221; background_color_opacity=&#8221;1&#8243; background_hover_color_opacity=&#8221;1&#8243; column_link_target=&#8221;_self&#8221; column_shadow=&#8221;none&#8221; column_border_radius=&#8221;none&#8221; width=&#8221;1\/1&#8243; tablet_width_inherit=&#8221;default&#8221; tablet_text_alignment=&#8221;default&#8221; phone_text_alignment=&#8221;default&#8221; column_border_width=&#8221;none&#8221; column_border_style=&#8221;solid&#8221; bg_image_animation=&#8221;none&#8221;][image_with_animation image_url=&#8221;1356&#8243; alignment=&#8221;center&#8221; animation=&#8221;Fade In&#8221; border_radius=&#8221;none&#8221; box_shadow=&#8221;none&#8221; max_width=&#8221;100%&#8221;][\/vc_column][\/vc_row][vc_row type=&#8221;full_width_content&#8221; full_screen_row_position=&#8221;middle&#8221; bg_color=&#8221;#e9530e&#8221; scene_position=&#8221;center&#8221; text_color=&#8221;light&#8221; text_align=&#8221;left&#8221; overlay_strength=&#8221;0.3&#8243; shape_divider_position=&#8221;bottom&#8221; bg_image_animation=&#8221;none&#8221;][vc_column column_padding=&#8221;no-extra-padding&#8221; column_padding_position=&#8221;all&#8221; background_color_opacity=&#8221;1&#8243; background_hover_color_opacity=&#8221;1&#8243; column_link_target=&#8221;_self&#8221; column_shadow=&#8221;none&#8221; column_border_radius=&#8221;none&#8221; width=&#8221;1\/1&#8243; tablet_width_inherit=&#8221;default&#8221; tablet_text_alignment=&#8221;default&#8221; phone_text_alignment=&#8221;default&#8221; column_border_width=&#8221;none&#8221; column_border_style=&#8221;solid&#8221; bg_image_animation=&#8221;none&#8221; column_link=&#8221;http:\/\/espacios.adeituv.es\/contacto\/&#8221;][nectar_gmap map_type=&#8221;google&#8221; zoom=&#8221;16&#8243; marker_style=&#8221;default&#8221; nectar_marker_color=&#8221;accent-color&#8221; marker_image=&#8221;1014&#8243; marker_animation=&#8221;1&#8243; map_greyscale=&#8221;1&#8243; size=&#8221;350&#8243; map_center_lat=&#8221;39.474007&#8243; map_center_lng=&#8221;-0.376852&#8243; map_markers=&#8221;39.474007|-0.376852&#8243;][\/vc_column][\/vc_row][vc_row type=&#8221;full_width_background&#8221; full_screen_row_position=&#8221;middle&#8221; bg_color=&#8221;#e9530e&#8221; scene_position=&#8221;center&#8221; text_color=&#8221;light&#8221; text_align=&#8221;left&#8221; top_padding=&#8221;30&#8243; bottom_padding=&#8221;30&#8243; overlay_strength=&#8221;0.3&#8243; shape_divider_position=&#8221;bottom&#8221; bg_image_animation=&#8221;none&#8221;][vc_column column_padding=&#8221;no-extra-padding&#8221; column_padding_position=&#8221;all&#8221; background_color_opacity=&#8221;1&#8243; background_hover_color_opacity=&#8221;1&#8243; column_link_target=&#8221;_self&#8221; column_shadow=&#8221;none&#8221; column_border_radius=&#8221;none&#8221; width=&#8221;1\/1&#8243; tablet_width_inherit=&#8221;default&#8221; tablet_text_alignment=&#8221;default&#8221; phone_text_alignment=&#8221;default&#8221; column_border_width=&#8221;none&#8221; column_border_style=&#8221;solid&#8221; bg_image_animation=&#8221;none&#8221;][vc_column_text]\n<h2>ADEIT is located next to Santa Catalina Church and in front of Lope de Vega Square. Please note that access to these streets is pedestrian. Please contact us if you need to unload some sort of merchandise.<\/h2>\n[\/vc_column_text][\/vc_column][\/vc_row][vc_row type=&#8221;full_width_background&#8221; full_screen_row_position=&#8221;middle&#8221; bg_color=&#8221;#d7d7d7&#8243; scene_position=&#8221;center&#8221; text_color=&#8221;dark&#8221; text_align=&#8221;left&#8221; top_padding=&#8221;60&#8243; overlay_strength=&#8221;0.3&#8243; shape_divider_position=&#8221;bottom&#8221; bg_image_animation=&#8221;none&#8221;][vc_column column_padding=&#8221;no-extra-padding&#8221; column_padding_position=&#8221;all&#8221; background_color_opacity=&#8221;1&#8243; background_hover_color_opacity=&#8221;1&#8243; column_link_target=&#8221;_self&#8221; column_shadow=&#8221;none&#8221; column_border_radius=&#8221;none&#8221; width=&#8221;1\/1&#8243; tablet_width_inherit=&#8221;default&#8221; tablet_text_alignment=&#8221;default&#8221; phone_text_alignment=&#8221;default&#8221; column_border_width=&#8221;none&#8221; column_border_style=&#8221;solid&#8221; bg_image_animation=&#8221;none&#8221;][vc_column_text]\n<h1 style=\"text-align: center;\"><strong>PREMISES<\/strong><\/h1>\n[\/vc_column_text][\/vc_column][\/vc_row][vc_row type=&#8221;full_width_background&#8221; full_screen_row_position=&#8221;middle&#8221; bg_color=&#8221;#d7d7d7&#8243; scene_position=&#8221;center&#8221; text_color=&#8221;dark&#8221; text_align=&#8221;left&#8221; top_padding=&#8221;60&#8243; bottom_padding=&#8221;60&#8243; overlay_strength=&#8221;0.3&#8243; shape_divider_position=&#8221;bottom&#8221; bg_image_animation=&#8221;none&#8221;][vc_column column_padding=&#8221;no-extra-padding&#8221; column_padding_position=&#8221;all&#8221; background_color_opacity=&#8221;1&#8243; background_hover_color_opacity=&#8221;1&#8243; column_link_target=&#8221;_self&#8221; column_shadow=&#8221;none&#8221; column_border_radius=&#8221;none&#8221; el_class=&#8221;zerocolumn&#8221; width=&#8221;1\/6&#8243; tablet_width_inherit=&#8221;default&#8221; tablet_text_alignment=&#8221;default&#8221; phone_text_alignment=&#8221;default&#8221; column_border_width=&#8221;none&#8221; column_border_style=&#8221;solid&#8221; bg_image_animation=&#8221;none&#8221;][\/vc_column][vc_column column_padding=&#8221;no-extra-padding&#8221; column_padding_position=&#8221;all&#8221; background_color_opacity=&#8221;1&#8243; background_hover_color_opacity=&#8221;1&#8243; column_link_target=&#8221;_self&#8221; column_shadow=&#8221;none&#8221; column_border_radius=&#8221;none&#8221; width=&#8221;1\/6&#8243; tablet_width_inherit=&#8221;default&#8221; tablet_text_alignment=&#8221;default&#8221; phone_text_alignment=&#8221;default&#8221; column_border_width=&#8221;none&#8221; column_border_style=&#8221;solid&#8221; bg_image_animation=&#8221;none&#8221;][image_with_animation image_url=&#8221;996&#8243; alignment=&#8221;&#8221; animation=&#8221;Fade In&#8221; border_radius=&#8221;none&#8221; box_shadow=&#8221;none&#8221; max_width=&#8221;100%&#8221; img_link=&#8221;http:\/\/espacios.adeituv.es\/en\/premises\/#aulas&#8221;][\/vc_column][vc_column column_padding=&#8221;no-extra-padding&#8221; column_padding_position=&#8221;all&#8221; background_color_opacity=&#8221;1&#8243; background_hover_color_opacity=&#8221;1&#8243; column_link_target=&#8221;_self&#8221; column_shadow=&#8221;none&#8221; column_border_radius=&#8221;none&#8221; width=&#8221;1\/6&#8243; tablet_width_inherit=&#8221;default&#8221; tablet_text_alignment=&#8221;default&#8221; phone_text_alignment=&#8221;default&#8221; column_border_width=&#8221;none&#8221; column_border_style=&#8221;solid&#8221; bg_image_animation=&#8221;none&#8221;][image_with_animation image_url=&#8221;994&#8243; alignment=&#8221;&#8221; animation=&#8221;Fade In&#8221; border_radius=&#8221;none&#8221; box_shadow=&#8221;none&#8221; max_width=&#8221;100%&#8221; img_link=&#8221;http:\/\/espacios.adeituv.es\/en\/premises\/#aulasinformatica&#8221;][\/vc_column][vc_column column_padding=&#8221;no-extra-padding&#8221; column_padding_position=&#8221;all&#8221; background_color_opacity=&#8221;1&#8243; background_hover_color_opacity=&#8221;1&#8243; column_link_target=&#8221;_self&#8221; column_shadow=&#8221;none&#8221; column_border_radius=&#8221;none&#8221; width=&#8221;1\/6&#8243; tablet_width_inherit=&#8221;default&#8221; tablet_text_alignment=&#8221;default&#8221; phone_text_alignment=&#8221;default&#8221; column_border_width=&#8221;none&#8221; column_border_style=&#8221;solid&#8221; bg_image_animation=&#8221;none&#8221;][image_with_animation image_url=&#8221;995&#8243; alignment=&#8221;&#8221; animation=&#8221;Fade In&#8221; border_radius=&#8221;none&#8221; box_shadow=&#8221;none&#8221; max_width=&#8221;100%&#8221; img_link=&#8221;http:\/\/espacios.adeituv.es\/en\/premises\/#salasreuniones&#8221;][\/vc_column][vc_column column_padding=&#8221;no-extra-padding&#8221; column_padding_position=&#8221;all&#8221; background_color_opacity=&#8221;1&#8243; background_hover_color_opacity=&#8221;1&#8243; column_link_target=&#8221;_self&#8221; column_shadow=&#8221;none&#8221; column_border_radius=&#8221;none&#8221; width=&#8221;1\/6&#8243; tablet_width_inherit=&#8221;default&#8221; tablet_text_alignment=&#8221;default&#8221; phone_text_alignment=&#8221;default&#8221; column_border_width=&#8221;none&#8221; column_border_style=&#8221;solid&#8221; bg_image_animation=&#8221;none&#8221;][image_with_animation image_url=&#8221;992&#8243; alignment=&#8221;&#8221; animation=&#8221;Fade In&#8221; border_radius=&#8221;none&#8221; box_shadow=&#8221;none&#8221; max_width=&#8221;100%&#8221; img_link=&#8221;http:\/\/espacios.adeituv.es\/en\/premises\/#salones&#8221;][\/vc_column][vc_column column_padding=&#8221;no-extra-padding&#8221; column_padding_position=&#8221;all&#8221; background_color_opacity=&#8221;1&#8243; background_hover_color_opacity=&#8221;1&#8243; column_link_target=&#8221;_self&#8221; column_shadow=&#8221;none&#8221; column_border_radius=&#8221;none&#8221; width=&#8221;1\/6&#8243; tablet_width_inherit=&#8221;default&#8221; tablet_text_alignment=&#8221;default&#8221; phone_text_alignment=&#8221;default&#8221; column_border_width=&#8221;none&#8221; column_border_style=&#8221;solid&#8221; bg_image_animation=&#8221;none&#8221;][image_with_animation image_url=&#8221;993&#8243; alignment=&#8221;&#8221; animation=&#8221;Fade In&#8221; border_radius=&#8221;none&#8221; box_shadow=&#8221;none&#8221; max_width=&#8221;100%&#8221; img_link=&#8221;http:\/\/espacios.adeituv.es\/en\/premises\/#catering&#8221;][\/vc_column][\/vc_row][vc_row type=&#8221;full_width_background&#8221; full_screen_row_position=&#8221;middle&#8221; bg_color=&#8221;#d7d7d7&#8243; scene_position=&#8221;center&#8221; text_color=&#8221;dark&#8221; text_align=&#8221;left&#8221; bottom_padding=&#8221;60&#8243; overlay_strength=&#8221;0.3&#8243; shape_divider_position=&#8221;bottom&#8221; bg_image_animation=&#8221;none&#8221;][vc_column column_padding=&#8221;no-extra-padding&#8221; column_padding_position=&#8221;all&#8221; background_color_opacity=&#8221;1&#8243; background_hover_color_opacity=&#8221;1&#8243; column_link_target=&#8221;_self&#8221; column_shadow=&#8221;none&#8221; column_border_radius=&#8221;none&#8221; width=&#8221;1\/1&#8243; tablet_width_inherit=&#8221;default&#8221; tablet_text_alignment=&#8221;default&#8221; phone_text_alignment=&#8221;default&#8221; column_border_width=&#8221;none&#8221; column_border_style=&#8221;solid&#8221; bg_image_animation=&#8221;none&#8221;][carousel script=&#8221;owl_carousel&#8221; desktop_cols=&#8221;3&#8243; desktop_small_cols=&#8221;3&#8243; tablet_cols=&#8221;2&#8243; mobile_cols=&#8221;1&#8243; column_padding=&#8221;0&#8243; autorotate=&#8221;true&#8221;][item id=&#8221;1574765918575-0&#8243; tab_id=&#8221;1574765918578-9&#8243; title=&#8221;Elemento&#8221;][image_with_animation image_url=&#8221;1617&#8243; alignment=&#8221;&#8221; animation=&#8221;Fade In&#8221; border_radius=&#8221;none&#8221; box_shadow=&#8221;none&#8221; max_width=&#8221;100%&#8221;][\/item][item id=&#8221;1574765918739-5&#8243; tab_id=&#8221;1574765918744-3&#8243; title=&#8221;Elemento&#8221;][image_with_animation image_url=&#8221;1616&#8243; alignment=&#8221;&#8221; animation=&#8221;Fade In&#8221; border_radius=&#8221;none&#8221; box_shadow=&#8221;none&#8221; max_width=&#8221;100%&#8221;][\/item][item id=&#8221;1574765918881-4&#8243; tab_id=&#8221;1574765918885-2&#8243; title=&#8221;Elemento&#8221;][image_with_animation image_url=&#8221;1615&#8243; alignment=&#8221;&#8221; animation=&#8221;Fade In&#8221; border_radius=&#8221;none&#8221; box_shadow=&#8221;none&#8221; max_width=&#8221;100%&#8221;][\/item][\/carousel][\/vc_column][\/vc_row][vc_row type=&#8221;full_width_background&#8221; full_screen_row_position=&#8221;middle&#8221; scene_position=&#8221;center&#8221; text_color=&#8221;light&#8221; text_align=&#8221;left&#8221; top_padding=&#8221;60&#8243; bottom_padding=&#8221;60&#8243; overlay_strength=&#8221;0.3&#8243; shape_divider_position=&#8221;bottom&#8221; bg_image_animation=&#8221;none&#8221; shape_type=&#8221;&#8221;][vc_column column_padding=&#8221;no-extra-padding&#8221; column_padding_position=&#8221;all&#8221; background_color_opacity=&#8221;1&#8243; background_hover_color_opacity=&#8221;1&#8243; column_link_target=&#8221;_self&#8221; column_shadow=&#8221;none&#8221; column_border_radius=&#8221;none&#8221; width=&#8221;1\/1&#8243; tablet_width_inherit=&#8221;default&#8221; tablet_text_alignment=&#8221;default&#8221; phone_text_alignment=&#8221;default&#8221; column_border_width=&#8221;none&#8221; column_border_style=&#8221;solid&#8221; bg_image_animation=&#8221;none&#8221;][vc_video link=&#8221;https:\/\/www.youtube.com\/watch?v=1pt9Ie3v_20&amp;t=7s&#8221; align=&#8221;center&#8221;][\/vc_column][\/vc_row][vc_row type=&#8221;full_width_background&#8221; full_screen_row_position=&#8221;middle&#8221; bg_image=&#8221;85&#8243; bg_position=&#8221;left top&#8221; bg_repeat=&#8221;no-repeat&#8221; bg_color=&#8221;#f4f4f4&#8243; scene_position=&#8221;center&#8221; text_color=&#8221;light&#8221; text_align=&#8221;left&#8221; top_padding=&#8221;60&#8243; bottom_padding=&#8221;60&#8243; overlay_strength=&#8221;0.3&#8243; shape_divider_position=&#8221;bottom&#8221; bg_image_animation=&#8221;none&#8221;][vc_column column_padding=&#8221;no-extra-padding&#8221; column_padding_position=&#8221;all&#8221; background_color_opacity=&#8221;1&#8243; background_hover_color_opacity=&#8221;1&#8243; column_link_target=&#8221;_self&#8221; column_shadow=&#8221;none&#8221; column_border_radius=&#8221;none&#8221; width=&#8221;1\/1&#8243; tablet_width_inherit=&#8221;default&#8221; tablet_text_alignment=&#8221;default&#8221; phone_text_alignment=&#8221;default&#8221; column_border_width=&#8221;none&#8221; column_border_style=&#8221;solid&#8221; bg_image_animation=&#8221;none&#8221;][carousel script=&#8221;owl_carousel&#8221; desktop_cols=&#8221;1&#8243; desktop_small_cols=&#8221;1&#8243; tablet_cols=&#8221;1&#8243; mobile_cols=&#8221;1&#8243; column_padding=&#8221;0&#8243; autorotate=&#8221;true&#8221;][item id=&#8221;1574765927102-6&#8243; tab_id=&#8221;1574765927104-5&#8243; title=&#8221;Elemento&#8221;][vc_column_text]\n<h1 style=\"font-weight: 900;\">&#8220;A destacar el equipo humano de este centro. Instalaciones modernas y perfecta ubicaci\u00f3n en pleno centro de la ciudad.&#8221;<\/h1>\n<h1 style=\"font-weight: 300;\">\u00a0 Silvia &#8211;\u00a0Despega Formaci\u00f3n<\/h1>\n[\/vc_column_text][\/item][item id=&#8221;1574765927211-10&#8243; tab_id=&#8221;1574765927213-2&#8243; title=&#8221;Elemento&#8221;][vc_column_text]\n<h1 style=\"font-weight: 900;\">&#8220;El trato del personal es fant\u00e1stico, siempre dispuestos a solucionar todas las necesidades del cliente.&#8221;<\/h1>\n<h1 style=\"font-weight: 300;\">\u00a0 Almudena Arias &#8211; Academia AMIR<\/h1>\n[\/vc_column_text][\/item][item id=&#8221;1574765927324-8&#8243; tab_id=&#8221;1574765927326-5&#8243; title=&#8221;Elemento&#8221;][vc_column_text]\n<h1 style=\"font-weight: 900;\">&#8220;La variedad de espacios nos ha permitido celebrar aqu\u00ed eventos muy diferentes.&#8221;<\/h1>\n<h1 style=\"font-weight: 300;\">\u00a0 J.Albert Escoms Palop Richmond Publishing &#8211; Santillana Fran\u00e7ais<\/h1>\n[\/vc_column_text][\/item][item title=&#8221;Elemento&#8221; id=&#8221;1574765927462-1&#8243; tab_id=&#8221;1574765927464-5&#8243;][vc_column_text]\n<h1 style=\"font-weight: 900;\">&#8220;Hemos hecho aqu\u00ed varios cursos.\u00a0Las salas son amplias y tienen buena luz. Sus equipos funcionan bien. La atenci\u00f3n del personal siempre ha sido impecable y la calidad de los coffee breaks y de la comida es buena.&#8221;<\/h1>\n<h1 style=\"font-weight: 300;\">\u00a0 Paola Votta -DevStat<\/h1>\n[\/vc_column_text][\/item][item title=&#8221;Elemento&#8221; id=&#8221;1574765927559-7&#8243; tab_id=&#8221;1574765927561-4&#8243;][vc_column_text]\n<h1 style=\"font-weight: 900;\">&#8220;Personal muy eficiente y servicial. Los espacios acogedores, limpios y bien organizados.&#8221;<\/h1>\n<h1 style=\"font-weight: 300;\">\u00a0 Mar\u00eda Jos\u00e9 Calvo &#8211; TECNOCAPITAL .S.L.<\/h1>\n[\/vc_column_text][\/item][item title=&#8221;Elemento&#8221; id=&#8221;1574765927657-5&#8243; tab_id=&#8221;1574765927659-9&#8243;][vc_column_text]\n<h1 style=\"font-weight: 900;\">&#8220;Lo mejor de ADEIT es la atenci\u00f3n personalizada y amable, adem\u00e1s de una ubicaci\u00f3n en un entorno privilegiado del coraz\u00f3n de Valencia.&#8221;<\/h1>\n<h1 style=\"font-weight: 300;\">\u00a0 M\u00f3nica Fern\u00e1ndez, Directora de Instituto Aware<\/h1>\n[\/vc_column_text][\/item][item title=&#8221;Elemento&#8221; id=&#8221;1574765927778-9&#8243; tab_id=&#8221;1574765927780-1&#8243;][vc_column_text]\n<h1 style=\"font-weight: 900;\">&#8220;Buenas instalaciones y mejor atenci\u00f3n.&#8221;<\/h1>\n<h1 style=\"font-weight: 300;\">\u00a0 Patricia Marco- Preparaci\u00f3n Oposiciones Hacienda<\/h1>\n[\/vc_column_text][\/item][item title=&#8221;Elemento&#8221; id=&#8221;1574765927883-7&#8243; tab_id=&#8221;1574765927885-9&#8243;][vc_column_text]\n<h1 style=\"font-weight: 900;\">&#8220;<span class=\"\">Las instalaciones est\u00e1n actualizadas, se adaptan a los usos de formaci\u00f3n que se requieren, la ubicaci\u00f3n es muy buena y el personal t\u00e9cnico es eficaz y\u00a0est\u00e1 accesible<\/span>.&#8221;<\/h1>\n<h1 style=\"font-weight: 300;\">\u00a0 Julia P\u00e9rez &#8211; Colegio de Logopedas<\/h1>\n[\/vc_column_text][\/item][\/carousel][\/vc_column][\/vc_row]\n","protected":false},"excerpt":{"rendered":"<p>[vc_row type=&#8221;full_width_background&#8221; full_screen_row_position=&#8221;middle&#8221; scene_position=&#8221;center&#8221; text_color=&#8221;dark&#8221; text_align=&#8221;left&#8221; overlay_strength=&#8221;0.3&#8243; shape_divider_position=&#8221;bottom&#8221; bg_image_animation=&#8221;none&#8221;][vc_column column_padding=&#8221;no-extra-padding&#8221; column_padding_position=&#8221;all&#8221; background_color_opacity=&#8221;1&#8243; background_hover_color_opacity=&#8221;1&#8243; column_link_target=&#8221;_self&#8221; column_shadow=&#8221;none&#8221; column_border_radius=&#8221;none&#8221; width=&#8221;1\/1&#8243; tablet_width_inherit=&#8221;default&#8221; tablet_text_alignment=&#8221;default&#8221; phone_text_alignment=&#8221;default&#8221; column_border_width=&#8221;none&#8221; column_border_style=&#8221;solid&#8221; bg_image_animation=&#8221;none&#8221;][rev_slider alias=&#8221;adeit-eng&#8221;][\/vc_column][\/vc_row][vc_row type=&#8221;full_width_background&#8221; full_screen_row_position=&#8221;middle&#8221; bg_color=&#8221;#2e2d30&#8243; scene_position=&#8221;center&#8221; text_color=&#8221;dark&#8221; text_align=&#8221;left&#8221;&#8230;<\/p>\n","protected":false},"author":9,"featured_media":0,"parent":0,"menu_order":0,"comment_status":"closed","ping_status":"open","template":"","meta":{"_acf_changed":false,"footnotes":""},"class_list":["post-916","page","type-page","status-publish"],"acf":[],"_links":{"self":[{"href":"https:\/\/espacios.adeituv.es\/en\/wp-json\/wp\/v2\/pages\/916","targetHints":{"allow":["GET"]}}],"collection":[{"href":"https:\/\/espacios.adeituv.es\/en\/wp-json\/wp\/v2\/pages"}],"about":[{"href":"https:\/\/espacios.adeituv.es\/en\/wp-json\/wp\/v2\/types\/page"}],"author":[{"embeddable":true,"href":"https:\/\/espacios.adeituv.es\/en\/wp-json\/wp\/v2\/users\/9"}],"replies":[{"embeddable":true,"href":"https:\/\/espacios.adeituv.es\/en\/wp-json\/wp\/v2\/comments?post=916"}],"version-history":[{"count":0,"href":"https:\/\/espacios.adeituv.es\/en\/wp-json\/wp\/v2\/pages\/916\/revisions"}],"wp:attachment":[{"href":"https:\/\/espacios.adeituv.es\/en\/wp-json\/wp\/v2\/media?parent=916"}],"curies":[{"name":"wp","href":"https:\/\/api.w.org\/{rel}","templated":true}]}}