{"id":5813,"date":"2025-02-13T12:03:07","date_gmt":"2025-02-13T11:03:07","guid":{"rendered":"https:\/\/espacios.adeituv.es\/experiences\/"},"modified":"2025-02-13T12:41:33","modified_gmt":"2025-02-13T11:41:33","slug":"experiences","status":"publish","type":"page","link":"https:\/\/espacios.adeituv.es\/en\/experiences\/","title":{"rendered":"Experiences"},"content":{"rendered":"\t\t<div data-elementor-type=\"wp-page\" data-elementor-id=\"5813\" class=\"elementor elementor-5813 elementor-5652\" data-elementor-post-type=\"page\">\n\t\t\t\t<div class=\"elementor-element elementor-element-038916a e-flex e-con-boxed e-con e-parent\" data-id=\"038916a\" data-element_type=\"container\" data-e-type=\"container\">\n\t\t\t\t\t<div class=\"e-con-inner\">\n\t\t\t\t<div class=\"elementor-element elementor-element-9ebddd8 elementor-widget__width-initial elementor-invisible elementor-widget elementor-widget-heading\" data-id=\"9ebddd8\" data-element_type=\"widget\" data-e-type=\"widget\" data-settings=\"{&quot;_animation&quot;:&quot;fadeInUp&quot;}\" data-widget_type=\"heading.default\">\n\t\t\t\t<div class=\"elementor-widget-container\">\n\t\t\t\t\t<h2 class=\"elementor-heading-title elementor-size-default\">Experiences<\/h2>\t\t\t\t<\/div>\n\t\t\t\t<\/div>\n\t\t\t\t\t<\/div>\n\t\t\t\t<\/div>\n\t\t<div class=\"elementor-element elementor-element-70a8588 e-flex e-con-boxed e-con e-parent\" data-id=\"70a8588\" data-element_type=\"container\" data-e-type=\"container\">\n\t\t\t\t\t<div class=\"e-con-inner\">\n\t\t\t\t<div class=\"elementor-element elementor-element-c7b6bc2 elementor-grid-3 elementor-grid-tablet-2 elementor-grid-mobile-1 elementor-posts--thumbnail-top elementor-card-shadow-yes elementor-posts__hover-gradient elementor-invisible elementor-widget elementor-widget-posts\" data-id=\"c7b6bc2\" data-element_type=\"widget\" data-e-type=\"widget\" data-settings=\"{&quot;pagination_type&quot;:&quot;numbers_and_prev_next&quot;,&quot;_animation&quot;:&quot;fadeIn&quot;,&quot;cards_columns&quot;:&quot;3&quot;,&quot;cards_columns_tablet&quot;:&quot;2&quot;,&quot;cards_columns_mobile&quot;:&quot;1&quot;,&quot;cards_row_gap&quot;:{&quot;unit&quot;:&quot;px&quot;,&quot;size&quot;:35,&quot;sizes&quot;:[]},&quot;cards_row_gap_tablet&quot;:{&quot;unit&quot;:&quot;px&quot;,&quot;size&quot;:&quot;&quot;,&quot;sizes&quot;:[]},&quot;cards_row_gap_mobile&quot;:{&quot;unit&quot;:&quot;px&quot;,&quot;size&quot;:&quot;&quot;,&quot;sizes&quot;:[]}}\" data-widget_type=\"posts.cards\">\n\t\t\t\t<div class=\"elementor-widget-container\">\n\t\t\t\t\t\t\t<div class=\"elementor-posts-container elementor-posts elementor-posts--skin-cards elementor-grid\" role=\"list\">\n\t\t\t\t<article class=\"elementor-post elementor-grid-item post-1810 post type-post status-publish format-standard has-post-thumbnail category-news tag-alquiler-espacio-adeit-en tag-alquiler-sala-en tag-alquiler-salon-en tag-alquiler-salon-de-actos-en tag-espacio-adeit-en tag-salo-de-actos-en\" role=\"listitem\">\n\t\t\t<div class=\"elementor-post__card\">\n\t\t\t\t<a class=\"elementor-post__thumbnail__link\" href=\"https:\/\/espacios.adeituv.es\/en\/meeting-on-science-with-gtc-salon-actos-espacio-adeit\/\" tabindex=\"-1\" ><div class=\"elementor-post__thumbnail\"><img fetchpriority=\"high\" decoding=\"async\" width=\"768\" height=\"432\" src=\"https:\/\/espacios.adeituv.es\/wp-content\/uploads\/Congreso-GTC_-768x432.jpg\" class=\"attachment-medium_large size-medium_large wp-image-2278\" alt=\"\" srcset=\"https:\/\/espacios.adeituv.es\/wp-content\/uploads\/Congreso-GTC_-768x432.jpg 768w, https:\/\/espacios.adeituv.es\/wp-content\/uploads\/Congreso-GTC_-300x169.jpg 300w, https:\/\/espacios.adeituv.es\/wp-content\/uploads\/Congreso-GTC_-1024x576.jpg 1024w\" sizes=\"(max-width: 768px) 100vw, 768px\" \/><\/div><\/a>\n\t\t\t\t<div class=\"elementor-post__text\">\n\t\t\t\t<h3 class=\"elementor-post__title\">\n\t\t\t<a href=\"https:\/\/espacios.adeituv.es\/en\/meeting-on-science-with-gtc-salon-actos-espacio-adeit\/\" >\n\t\t\t\tVI Meeting on science with GTC &#8211; Sal\u00f3n de Actos Espacio ADEIT\t\t\t<\/a>\n\t\t<\/h3>\n\t\t\n\t\t<a class=\"elementor-post__read-more\" href=\"https:\/\/espacios.adeituv.es\/en\/meeting-on-science-with-gtc-salon-actos-espacio-adeit\/\" aria-label=\"Read more about VI Meeting on science with GTC &#8211; Sal\u00f3n de Actos Espacio ADEIT\" tabindex=\"-1\" >\n\t\t\tRead more  \u00bb\t\t<\/a>\n\n\t\t\t\t<\/div>\n\t\t\t\t<div class=\"elementor-post__meta-data\">\n\t\t\t\t\t<span class=\"elementor-post-date\">\n\t\t\tApril 24, 2019\t\t<\/span>\n\t\t\t\t<span class=\"elementor-post-avatar\">\n\t\t\tNo Comments\t\t<\/span>\n\t\t\t\t<\/div>\n\t\t\t\t\t<\/div>\n\t\t<\/article>\n\t\t\t\t<article class=\"elementor-post elementor-grid-item post-1828 post type-post status-publish format-standard has-post-thumbnail category-news tag-alquiler-adeit-en tag-alquiler-para-eventos-en tag-alquiler-salon-de-actos-en tag-espacios-adeit-en tag-salon-de-actos-en tag-salon-de-actos-adeit-en\" role=\"listitem\">\n\t\t\t<div class=\"elementor-post__card\">\n\t\t\t\t<a class=\"elementor-post__thumbnail__link\" href=\"https:\/\/espacios.adeituv.es\/en\/evento-cafe-los-negocios-salon-de-actos\/\" tabindex=\"-1\" ><div class=\"elementor-post__thumbnail\"><img decoding=\"async\" width=\"768\" height=\"469\" src=\"https:\/\/espacios.adeituv.es\/wp-content\/uploads\/CaixaBank_NIK5021-768x469.jpg\" class=\"attachment-medium_large size-medium_large wp-image-2045\" alt=\"\" srcset=\"https:\/\/espacios.adeituv.es\/wp-content\/uploads\/CaixaBank_NIK5021-768x469.jpg 768w, https:\/\/espacios.adeituv.es\/wp-content\/uploads\/CaixaBank_NIK5021-300x183.jpg 300w, https:\/\/espacios.adeituv.es\/wp-content\/uploads\/CaixaBank_NIK5021-1024x625.jpg 1024w\" sizes=\"(max-width: 768px) 100vw, 768px\" \/><\/div><\/a>\n\t\t\t\t<div class=\"elementor-post__text\">\n\t\t\t\t<h3 class=\"elementor-post__title\">\n\t\t\t<a href=\"https:\/\/espacios.adeituv.es\/en\/evento-cafe-los-negocios-salon-de-actos\/\" >\n\t\t\t\tEvento \u201cEl caf\u00e9 de los negocios\u201d &#8211; Alquiler de Espacio ADEIT\t\t\t<\/a>\n\t\t<\/h3>\n\t\t\n\t\t<a class=\"elementor-post__read-more\" href=\"https:\/\/espacios.adeituv.es\/en\/evento-cafe-los-negocios-salon-de-actos\/\" aria-label=\"Read more about Evento \u201cEl caf\u00e9 de los negocios\u201d &#8211; Alquiler de Espacio ADEIT\" tabindex=\"-1\" >\n\t\t\tRead more  \u00bb\t\t<\/a>\n\n\t\t\t\t<\/div>\n\t\t\t\t<div class=\"elementor-post__meta-data\">\n\t\t\t\t\t<span class=\"elementor-post-date\">\n\t\t\tApril 12, 2019\t\t<\/span>\n\t\t\t\t<span class=\"elementor-post-avatar\">\n\t\t\tNo Comments\t\t<\/span>\n\t\t\t\t<\/div>\n\t\t\t\t\t<\/div>\n\t\t<\/article>\n\t\t\t\t<article class=\"elementor-post elementor-grid-item post-1814 post type-post status-publish format-standard has-post-thumbnail category-news tag-alquiler-espacio-adeit-en tag-alquiler-sala-en tag-alquiler-salon-en tag-alquiler-salon-de-actos-en tag-espacio-adeit-en tag-salo-de-actos-en\" role=\"listitem\">\n\t\t\t<div class=\"elementor-post__card\">\n\t\t\t\t<a class=\"elementor-post__thumbnail__link\" href=\"https:\/\/espacios.adeituv.es\/en\/coctel-navidad-cruz-roja-terraza-cubierta-espacio-adeit\/\" tabindex=\"-1\" ><div class=\"elementor-post__thumbnail\"><img decoding=\"async\" width=\"768\" height=\"511\" src=\"https:\/\/espacios.adeituv.es\/wp-content\/uploads\/Cruz_Roja_4-1024x681-1-768x511.jpg\" class=\"attachment-medium_large size-medium_large wp-image-2261\" alt=\"\" srcset=\"https:\/\/espacios.adeituv.es\/wp-content\/uploads\/Cruz_Roja_4-1024x681-1-768x511.jpg 768w, https:\/\/espacios.adeituv.es\/wp-content\/uploads\/Cruz_Roja_4-1024x681-1-300x200.jpg 300w, https:\/\/espacios.adeituv.es\/wp-content\/uploads\/Cruz_Roja_4-1024x681-1.jpg 1024w, https:\/\/espacios.adeituv.es\/wp-content\/uploads\/Cruz_Roja_4-1024x681-1-900x600.jpg 900w\" sizes=\"(max-width: 768px) 100vw, 768px\" \/><\/div><\/a>\n\t\t\t\t<div class=\"elementor-post__text\">\n\t\t\t\t<h3 class=\"elementor-post__title\">\n\t\t\t<a href=\"https:\/\/espacios.adeituv.es\/en\/coctel-navidad-cruz-roja-terraza-cubierta-espacio-adeit\/\" >\n\t\t\t\tC\u00f3ctel de Navidad de Cruz Roja &#8211; Terraza cubierta Espacio adeit\t\t\t<\/a>\n\t\t<\/h3>\n\t\t\n\t\t<a class=\"elementor-post__read-more\" href=\"https:\/\/espacios.adeituv.es\/en\/coctel-navidad-cruz-roja-terraza-cubierta-espacio-adeit\/\" aria-label=\"Read more about C\u00f3ctel de Navidad de Cruz Roja &#8211; Terraza cubierta Espacio adeit\" tabindex=\"-1\" >\n\t\t\tRead more  \u00bb\t\t<\/a>\n\n\t\t\t\t<\/div>\n\t\t\t\t<div class=\"elementor-post__meta-data\">\n\t\t\t\t\t<span class=\"elementor-post-date\">\n\t\t\tMarch 1, 2019\t\t<\/span>\n\t\t\t\t<span class=\"elementor-post-avatar\">\n\t\t\tNo Comments\t\t<\/span>\n\t\t\t\t<\/div>\n\t\t\t\t\t<\/div>\n\t\t<\/article>\n\t\t\t\t<article class=\"elementor-post elementor-grid-item post-1826 post type-post status-publish format-standard has-post-thumbnail category-news tag-alquiler-espacio-eventos-en tag-espacio-para-eventos-en tag-evento-adeit-en tag-eventos-adeit-en tag-salas-evento-en tag-salon-de-actos-en\" role=\"listitem\">\n\t\t\t<div class=\"elementor-post__card\">\n\t\t\t\t<a class=\"elementor-post__thumbnail__link\" href=\"https:\/\/espacios.adeituv.es\/en\/congreso-best-clinical-practice-salas-adeit\/\" tabindex=\"-1\" ><div class=\"elementor-post__thumbnail\"><img loading=\"lazy\" decoding=\"async\" width=\"768\" height=\"516\" src=\"https:\/\/espacios.adeituv.es\/wp-content\/uploads\/DSC_0058-768x516.jpg\" class=\"attachment-medium_large size-medium_large wp-image-2039\" alt=\"\" srcset=\"https:\/\/espacios.adeituv.es\/wp-content\/uploads\/DSC_0058-768x516.jpg 768w, https:\/\/espacios.adeituv.es\/wp-content\/uploads\/DSC_0058-300x201.jpg 300w, https:\/\/espacios.adeituv.es\/wp-content\/uploads\/DSC_0058-1024x687.jpg 1024w, https:\/\/espacios.adeituv.es\/wp-content\/uploads\/DSC_0058-600x403.jpg 600w, https:\/\/espacios.adeituv.es\/wp-content\/uploads\/DSC_0058-400x269.jpg 400w\" sizes=\"(max-width: 768px) 100vw, 768px\" \/><\/div><\/a>\n\t\t\t\t<div class=\"elementor-post__text\">\n\t\t\t\t<h3 class=\"elementor-post__title\">\n\t\t\t<a href=\"https:\/\/espacios.adeituv.es\/en\/congreso-best-clinical-practice-salas-adeit\/\" >\n\t\t\t\tCongreso Best Clinical Practice &#8211; Alquiler Salas ADEIT\t\t\t<\/a>\n\t\t<\/h3>\n\t\t\n\t\t<a class=\"elementor-post__read-more\" href=\"https:\/\/espacios.adeituv.es\/en\/congreso-best-clinical-practice-salas-adeit\/\" aria-label=\"Read more about Congreso Best Clinical Practice &#8211; Alquiler Salas ADEIT\" tabindex=\"-1\" >\n\t\t\tRead more  \u00bb\t\t<\/a>\n\n\t\t\t\t<\/div>\n\t\t\t\t<div class=\"elementor-post__meta-data\">\n\t\t\t\t\t<span class=\"elementor-post-date\">\n\t\t\tFebruary 12, 2019\t\t<\/span>\n\t\t\t\t<span class=\"elementor-post-avatar\">\n\t\t\tNo Comments\t\t<\/span>\n\t\t\t\t<\/div>\n\t\t\t\t\t<\/div>\n\t\t<\/article>\n\t\t\t\t<article class=\"elementor-post elementor-grid-item post-1821 post type-post status-publish format-standard has-post-thumbnail category-news tag-alquiler-espacio-adeit-en tag-alquiler-sala-en tag-alquiler-salon-en tag-alquiler-salon-de-actos-en tag-espacio-adeit-en tag-salo-de-actos-en\" role=\"listitem\">\n\t\t\t<div class=\"elementor-post__card\">\n\t\t\t\t<a class=\"elementor-post__thumbnail__link\" href=\"https:\/\/espacios.adeituv.es\/en\/salon-de-actos-espacio-adeit\/\" tabindex=\"-1\" ><div class=\"elementor-post__thumbnail\"><img loading=\"lazy\" decoding=\"async\" width=\"768\" height=\"508\" src=\"https:\/\/espacios.adeituv.es\/wp-content\/uploads\/Aguas_Levante1-768x508.jpg\" class=\"attachment-medium_large size-medium_large wp-image-2033\" alt=\"\" srcset=\"https:\/\/espacios.adeituv.es\/wp-content\/uploads\/Aguas_Levante1-768x508.jpg 768w, https:\/\/espacios.adeituv.es\/wp-content\/uploads\/Aguas_Levante1-300x199.jpg 300w, https:\/\/espacios.adeituv.es\/wp-content\/uploads\/Aguas_Levante1.jpg 816w\" sizes=\"(max-width: 768px) 100vw, 768px\" \/><\/div><\/a>\n\t\t\t\t<div class=\"elementor-post__text\">\n\t\t\t\t<h3 class=\"elementor-post__title\">\n\t\t\t<a href=\"https:\/\/espacios.adeituv.es\/en\/salon-de-actos-espacio-adeit\/\" >\n\t\t\t\tLa reutilizaci\u00f3n y la econom\u00eda circular del Agua &#8211; Sal\u00f3n de Actos Espacio ADEIT\t\t\t<\/a>\n\t\t<\/h3>\n\t\t\n\t\t<a class=\"elementor-post__read-more\" href=\"https:\/\/espacios.adeituv.es\/en\/salon-de-actos-espacio-adeit\/\" aria-label=\"Read more about La reutilizaci\u00f3n y la econom\u00eda circular del Agua &#8211; Sal\u00f3n de Actos Espacio ADEIT\" tabindex=\"-1\" >\n\t\t\tRead more  \u00bb\t\t<\/a>\n\n\t\t\t\t<\/div>\n\t\t\t\t<div class=\"elementor-post__meta-data\">\n\t\t\t\t\t<span class=\"elementor-post-date\">\n\t\t\tJanuary 3, 2019\t\t<\/span>\n\t\t\t\t<span class=\"elementor-post-avatar\">\n\t\t\tNo Comments\t\t<\/span>\n\t\t\t\t<\/div>\n\t\t\t\t\t<\/div>\n\t\t<\/article>\n\t\t\t\t<article class=\"elementor-post elementor-grid-item post-1704 post type-post status-publish format-standard category-news\" role=\"listitem\">\n\t\t\t<div class=\"elementor-post__card\">\n\t\t\t\t<div class=\"elementor-post__text\">\n\t\t\t\t<h3 class=\"elementor-post__title\">\n\t\t\t<a href=\"https:\/\/espacios.adeituv.es\/en\/hello-word-en\/\" >\n\t\t\t\tHello word! En\t\t\t<\/a>\n\t\t<\/h3>\n\t\t\n\t\t<a class=\"elementor-post__read-more\" href=\"https:\/\/espacios.adeituv.es\/en\/hello-word-en\/\" aria-label=\"Read more about Hello word! En\" tabindex=\"-1\" >\n\t\t\tRead more  \u00bb\t\t<\/a>\n\n\t\t\t\t<\/div>\n\t\t\t\t<div class=\"elementor-post__meta-data\">\n\t\t\t\t\t<span class=\"elementor-post-date\">\n\t\t\tDecember 10, 2018\t\t<\/span>\n\t\t\t\t<span class=\"elementor-post-avatar\">\n\t\t\tNo Comments\t\t<\/span>\n\t\t\t\t<\/div>\n\t\t\t\t\t<\/div>\n\t\t<\/article>\n\t\t\t\t<\/div>\n\t\t\n\t\t\t\t\t\t<\/div>\n\t\t\t\t<\/div>\n\t\t\t\t\t<\/div>\n\t\t\t\t<\/div>\n\t\t\t\t<\/div>\n\t\t","protected":false},"excerpt":{"rendered":"<p>Experiences<\/p>\n","protected":false},"author":13,"featured_media":0,"parent":0,"menu_order":0,"comment_status":"closed","ping_status":"closed","template":"elementor_header_footer","meta":{"_acf_changed":false,"footnotes":""},"class_list":["post-5813","page","type-page","status-publish"],"acf":[],"_links":{"self":[{"href":"https:\/\/espacios.adeituv.es\/en\/wp-json\/wp\/v2\/pages\/5813","targetHints":{"allow":["GET"]}}],"collection":[{"href":"https:\/\/espacios.adeituv.es\/en\/wp-json\/wp\/v2\/pages"}],"about":[{"href":"https:\/\/espacios.adeituv.es\/en\/wp-json\/wp\/v2\/types\/page"}],"author":[{"embeddable":true,"href":"https:\/\/espacios.adeituv.es\/en\/wp-json\/wp\/v2\/users\/13"}],"replies":[{"embeddable":true,"href":"https:\/\/espacios.adeituv.es\/en\/wp-json\/wp\/v2\/comments?post=5813"}],"version-history":[{"count":3,"href":"https:\/\/espacios.adeituv.es\/en\/wp-json\/wp\/v2\/pages\/5813\/revisions"}],"predecessor-version":[{"id":5861,"href":"https:\/\/espacios.adeituv.es\/en\/wp-json\/wp\/v2\/pages\/5813\/revisions\/5861"}],"wp:attachment":[{"href":"https:\/\/espacios.adeituv.es\/en\/wp-json\/wp\/v2\/media?parent=5813"}],"curies":[{"name":"wp","href":"https:\/\/api.w.org\/{rel}","templated":true}]}}